{"id":2,"date":"2023-07-11T07:34:58","date_gmt":"2023-07-11T07:34:58","guid":{"rendered":"https:\/\/web4.rkinformatika.net\/clinicadentalnereagarate\/?page_id=2"},"modified":"2024-02-21T12:33:12","modified_gmt":"2024-02-21T12:33:12","slug":"inicio","status":"publish","type":"page","link":"https:\/\/udondohortzklinika.com\/eus\/","title":{"rendered":"Hasiera"},"content":{"rendered":"<div data-elementor-type=\"wp-page\" data-elementor-id=\"2\" class=\"elementor elementor-2\" data-elementor-post-type=\"page\">\n\t\t\t\t\t\t<section class=\"elementor-section elementor-top-section elementor-element elementor-element-29157f03 elementor-section-height-min-height elementor-section-boxed elementor-section-height-default elementor-section-items-middle\" data-id=\"29157f03\" data-element_type=\"section\" data-settings=\"{&quot;background_background&quot;:&quot;classic&quot;}\">\n\t\t\t\t\t\t\t<div class=\"elementor-background-overlay\"><\/div>\n\t\t\t\t\t\t\t<div class=\"elementor-container elementor-column-gap-default\">\n\t\t\t\t\t<div class=\"elementor-column elementor-col-100 elementor-top-column elementor-element elementor-element-3469b62\" data-id=\"3469b62\" data-element_type=\"column\">\n\t\t\t<div class=\"elementor-widget-wrap elementor-element-populated\">\n\t\t\t\t\t\t<div class=\"elementor-element elementor-element-22490f75 elementor-widget__width-initial elementor-widget-mobile__width-initial elementor-invisible elementor-widget elementor-widget-heading\" data-id=\"22490f75\" data-element_type=\"widget\" data-settings=\"{&quot;_animation&quot;:&quot;fadeInLeft&quot;}\" data-widget_type=\"heading.default\">\n\t\t\t\t<div class=\"elementor-widget-container\">\n\t\t\t\t\t<h1 class=\"elementor-heading-title elementor-size-default\">Udondo Hortz Klinikan, zure irribarrea da gure lehentasuna<\/h1>\t\t\t\t<\/div>\n\t\t\t\t<\/div>\n\t\t\t\t\t<\/div>\n\t\t<\/div>\n\t\t\t\t\t<\/div>\n\t\t<\/section>\n\t\t\t\t<section class=\"elementor-section elementor-top-section elementor-element elementor-element-4271f2d1 elementor-section-boxed elementor-section-height-default elementor-section-height-default\" data-id=\"4271f2d1\" data-element_type=\"section\">\n\t\t\t\t\t\t<div class=\"elementor-container elementor-column-gap-default\">\n\t\t\t\t\t<div class=\"elementor-column elementor-col-50 elementor-top-column elementor-element elementor-element-505a50a8\" data-id=\"505a50a8\" data-element_type=\"column\">\n\t\t\t<div class=\"elementor-widget-wrap elementor-element-populated\">\n\t\t\t\t\t\t<div class=\"elementor-element elementor-element-276c4950 elementor-widget elementor-widget-heading\" data-id=\"276c4950\" data-element_type=\"widget\" data-widget_type=\"heading.default\">\n\t\t\t\t<div class=\"elementor-widget-container\">\n\t\t\t\t\t<h2 class=\"elementor-heading-title elementor-size-default\">Guri Buruz<\/h2>\t\t\t\t<\/div>\n\t\t\t\t<\/div>\n\t\t\t\t<div class=\"elementor-element elementor-element-1f1ddf58 elementor-widget elementor-widget-text-editor\" data-id=\"1f1ddf58\" data-element_type=\"widget\" data-widget_type=\"text-editor.default\">\n\t\t\t\t<div class=\"elementor-widget-container\">\n\t\t\t\t\t\t\t\t\t<p>Ongi etorri Udondo Hortz Klinikara! 2007tik, gure pazienteen bizitzan dagoen aldea markatzen ahalegintzen gara, ahoko osasuna lehenetsiz.<\/p><p>Arreta pertsonalizatua eta errukiorra eskaintzen dugu, irribarre perfektua inspiratzeko. Gure zerbitzuen artean daude odontologia orokorra, ortodontzia, endodontzia, protesi estetikoa, zuritzea, PADI.<\/p><p>Zurekin bidaia hau jarraitzeko eta zure hortz-familiako kide izateko irrikaz gaude. Eskerrik asko gure klinika aukeratzeagatik.<\/p><p>Elkarrekin lortuko dugu zure ahoko osasunik onena!<\/p>\t\t\t\t\t\t\t\t<\/div>\n\t\t\t\t<\/div>\n\t\t\t\t\t<\/div>\n\t\t<\/div>\n\t\t\t\t<div class=\"elementor-column elementor-col-50 elementor-top-column elementor-element elementor-element-52531dd4\" data-id=\"52531dd4\" data-element_type=\"column\">\n\t\t\t<div class=\"elementor-widget-wrap elementor-element-populated\">\n\t\t\t\t\t\t<div class=\"elementor-element elementor-element-663e91f3 elementor-widget elementor-widget-image\" data-id=\"663e91f3\" data-element_type=\"widget\" data-widget_type=\"image.default\">\n\t\t\t\t<div class=\"elementor-widget-container\">\n\t\t\t\t\t\t\t\t\t\t\t\t\t\t\t<img fetchpriority=\"high\" decoding=\"async\" width=\"3401\" height=\"1608\" src=\"https:\/\/udondohortzklinika.com\/wp-content\/uploads\/2024\/02\/Design-sem-nome-1.png\" class=\"attachment-full size-full wp-image-1003\" alt=\"\" srcset=\"https:\/\/udondohortzklinika.com\/wp-content\/uploads\/2024\/02\/Design-sem-nome-1.png 3401w, https:\/\/udondohortzklinika.com\/wp-content\/uploads\/2024\/02\/Design-sem-nome-1-300x142.png 300w, https:\/\/udondohortzklinika.com\/wp-content\/uploads\/2024\/02\/Design-sem-nome-1-1024x484.png 1024w, https:\/\/udondohortzklinika.com\/wp-content\/uploads\/2024\/02\/Design-sem-nome-1-768x363.png 768w, https:\/\/udondohortzklinika.com\/wp-content\/uploads\/2024\/02\/Design-sem-nome-1-1536x726.png 1536w, https:\/\/udondohortzklinika.com\/wp-content\/uploads\/2024\/02\/Design-sem-nome-1-2048x968.png 2048w, https:\/\/udondohortzklinika.com\/wp-content\/uploads\/2024\/02\/Design-sem-nome-1-18x9.png 18w\" sizes=\"(max-width: 3401px) 100vw, 3401px\" \/>\t\t\t\t\t\t\t\t\t\t\t\t\t\t\t<\/div>\n\t\t\t\t<\/div>\n\t\t\t\t\t<\/div>\n\t\t<\/div>\n\t\t\t\t\t<\/div>\n\t\t<\/section>\n\t\t\t\t<section class=\"elementor-section elementor-top-section elementor-element elementor-element-308c2e18 elementor-section-boxed elementor-section-height-default elementor-section-height-default\" data-id=\"308c2e18\" data-element_type=\"section\" data-settings=\"{&quot;background_background&quot;:&quot;classic&quot;}\">\n\t\t\t\t\t\t<div class=\"elementor-container elementor-column-gap-default\">\n\t\t\t\t\t<div class=\"elementor-column elementor-col-33 elementor-top-column elementor-element elementor-element-6d6605c3\" data-id=\"6d6605c3\" data-element_type=\"column\">\n\t\t\t<div class=\"elementor-widget-wrap elementor-element-populated\">\n\t\t\t\t\t\t<div class=\"elementor-element elementor-element-3c85b578 elementor-widget-mobile__width-initial elementor-widget elementor-widget-counter\" data-id=\"3c85b578\" data-element_type=\"widget\" data-widget_type=\"counter.default\">\n\t\t\t\t<div class=\"elementor-widget-container\">\n\t\t\t\t\t\t\t<div class=\"elementor-counter\">\n\t\t\t<div class=\"elementor-counter-title\">Urtetako esperientzia<\/div>\t\t\t<div class=\"elementor-counter-number-wrapper\">\n\t\t\t\t<span class=\"elementor-counter-number-prefix\"><\/span>\n\t\t\t\t<span class=\"elementor-counter-number\" data-duration=\"2000\" data-to-value=\"15\" data-from-value=\"0\">0<\/span>\n\t\t\t\t<span class=\"elementor-counter-number-suffix\">+<\/span>\n\t\t\t<\/div>\n\t\t<\/div>\n\t\t\t\t\t\t<\/div>\n\t\t\t\t<\/div>\n\t\t\t\t\t<\/div>\n\t\t<\/div>\n\t\t\t\t<div class=\"elementor-column elementor-col-33 elementor-top-column elementor-element elementor-element-74a4d92f\" data-id=\"74a4d92f\" data-element_type=\"column\">\n\t\t\t<div class=\"elementor-widget-wrap elementor-element-populated\">\n\t\t\t\t\t\t<div class=\"elementor-element elementor-element-7803d37e elementor-view-framed elementor-widget-mobile__width-initial elementor-shape-circle elementor-widget elementor-widget-icon\" data-id=\"7803d37e\" data-element_type=\"widget\" data-widget_type=\"icon.default\">\n\t\t\t\t<div class=\"elementor-widget-container\">\n\t\t\t\t\t\t\t<div class=\"elementor-icon-wrapper\">\n\t\t\t<div class=\"elementor-icon\">\n\t\t\t<i aria-hidden=\"true\" class=\"icon icon-tooth-2\"><\/i>\t\t\t<\/div>\n\t\t<\/div>\n\t\t\t\t\t\t<\/div>\n\t\t\t\t<\/div>\n\t\t\t\t\t<\/div>\n\t\t<\/div>\n\t\t\t\t<div class=\"elementor-column elementor-col-33 elementor-top-column elementor-element elementor-element-df5f394\" data-id=\"df5f394\" data-element_type=\"column\">\n\t\t\t<div class=\"elementor-widget-wrap elementor-element-populated\">\n\t\t\t\t\t\t<div class=\"elementor-element elementor-element-16c39aad elementor-widget elementor-widget-counter\" data-id=\"16c39aad\" data-element_type=\"widget\" data-widget_type=\"counter.default\">\n\t\t\t\t<div class=\"elementor-widget-container\">\n\t\t\t\t\t\t\t<div class=\"elementor-counter\">\n\t\t\t<div class=\"elementor-counter-title\">Gogobetetzea<\/div>\t\t\t<div class=\"elementor-counter-number-wrapper\">\n\t\t\t\t<span class=\"elementor-counter-number-prefix\"><\/span>\n\t\t\t\t<span class=\"elementor-counter-number\" data-duration=\"2000\" data-to-value=\"99\" data-from-value=\"0\">0<\/span>\n\t\t\t\t<span class=\"elementor-counter-number-suffix\">%<\/span>\n\t\t\t<\/div>\n\t\t<\/div>\n\t\t\t\t\t\t<\/div>\n\t\t\t\t<\/div>\n\t\t\t\t\t<\/div>\n\t\t<\/div>\n\t\t\t\t\t<\/div>\n\t\t<\/section>\n\t\t\t\t<section class=\"elementor-section elementor-top-section elementor-element elementor-element-ca5e7df elementor-section-boxed elementor-section-height-default elementor-section-height-default\" data-id=\"ca5e7df\" data-element_type=\"section\" data-settings=\"{&quot;background_background&quot;:&quot;classic&quot;}\">\n\t\t\t\t\t\t\t<div class=\"elementor-background-overlay\"><\/div>\n\t\t\t\t\t\t\t<div class=\"elementor-container elementor-column-gap-default\">\n\t\t\t\t\t<div class=\"elementor-column elementor-col-100 elementor-top-column elementor-element elementor-element-2cc67e0\" data-id=\"2cc67e0\" data-element_type=\"column\" data-settings=\"{&quot;background_background&quot;:&quot;classic&quot;}\">\n\t\t\t<div class=\"elementor-widget-wrap elementor-element-populated\">\n\t\t\t\t\t\t<div class=\"elementor-element elementor-element-6449a321 elementor-widget elementor-widget-heading\" data-id=\"6449a321\" data-element_type=\"widget\" data-widget_type=\"heading.default\">\n\t\t\t\t<div class=\"elementor-widget-container\">\n\t\t\t\t\t<h2 class=\"elementor-heading-title elementor-size-default\">Gure bezeroen iritziak <\/h2>\t\t\t\t<\/div>\n\t\t\t\t<\/div>\n\t\t\t\t<div class=\"elementor-element elementor-element-61e22732 elementor-widget elementor-widget-testimonial\" data-id=\"61e22732\" data-element_type=\"widget\" data-widget_type=\"testimonial.default\">\n\t\t\t\t<div class=\"elementor-widget-container\">\n\t\t\t\t\t\t\t<div class=\"elementor-testimonial-wrapper\">\n\t\t\t\t\t\t\t<div class=\"elementor-testimonial-content\">Dentistatua, erreferentzia eta konfiantza, pertsonal oso atsegina eta arreta indibidual ideala.\n<br>\nMiren Palomares Uribe<\/div>\n\t\t\t\n\t\t\t\t\t\t<div class=\"elementor-testimonial-meta elementor-has-image elementor-testimonial-image-position-top\">\n\t\t\t\t<div class=\"elementor-testimonial-meta-inner\">\n\t\t\t\t\t\t\t\t\t\t\t<div class=\"elementor-testimonial-image\">\n\t\t\t\t\t\t\t<img decoding=\"async\" width=\"300\" height=\"300\" src=\"https:\/\/udondohortzklinika.com\/wp-content\/uploads\/2023\/07\/testimonial-2.png\" class=\"attachment-full size-full wp-image-48\" alt=\"\" srcset=\"https:\/\/udondohortzklinika.com\/wp-content\/uploads\/2023\/07\/testimonial-2.png 300w, https:\/\/udondohortzklinika.com\/wp-content\/uploads\/2023\/07\/testimonial-2-150x150.png 150w\" sizes=\"(max-width: 300px) 100vw, 300px\" \/>\t\t\t\t\t\t<\/div>\n\t\t\t\t\t\n\t\t\t\t\t\t\t\t\t<\/div>\n\t\t\t<\/div>\n\t\t\t\t\t<\/div>\n\t\t\t\t\t\t<\/div>\n\t\t\t\t<\/div>\n\t\t\t\t\t<\/div>\n\t\t<\/div>\n\t\t\t\t\t<\/div>\n\t\t<\/section>\n\t\t\t\t<\/div>","protected":false},"excerpt":{"rendered":"<p>En Udondo Hortz Klinika, tu sonrisa es nuestra prioridad Sobre nosotros \u00a1Bienvenidos a Udondo Hortz Klinika! Desde 2007, nos esforzamos por marcar la diferencia en la vida de nuestros pacientes, priorizando su salud bucal. Ofrecemos cuidado personalizado y compasivo para inspirar la sonrisa perfecta. Nuestros servicios incluyen odontolog\u00eda general, ortodoncia, endodoncia, pr\u00f3tesis est\u00e9tica, blanqueamiento, PADI. [&hellip;]<\/p>","protected":false},"author":1,"featured_media":0,"parent":0,"menu_order":0,"comment_status":"closed","ping_status":"closed","template":"elementor_canvas","meta":{"footnotes":""},"class_list":["post-2","page","type-page","status-publish","hentry"],"yoast_head":"<!-- This site is optimized with the Yoast SEO plugin v26.7 - https:\/\/yoast.com\/wordpress\/plugins\/seo\/ -->\n<title>Inicio - Udondo Hortz Klinika<\/title>\n<meta name=\"robots\" content=\"index, follow, max-snippet:-1, max-image-preview:large, max-video-preview:-1\" \/>\n<link rel=\"canonical\" href=\"https:\/\/udondohortzklinika.com\/eus\/\" \/>\n<meta property=\"og:locale\" content=\"en_US\" \/>\n<meta property=\"og:type\" content=\"article\" \/>\n<meta property=\"og:title\" content=\"Inicio - Udondo Hortz Klinika\" \/>\n<meta property=\"og:description\" content=\"En Udondo Hortz Klinika, tu sonrisa es nuestra prioridad Sobre nosotros \u00a1Bienvenidos a Udondo Hortz Klinika! Desde 2007, nos esforzamos por marcar la diferencia en la vida de nuestros pacientes, priorizando su salud bucal. Ofrecemos cuidado personalizado y compasivo para inspirar la sonrisa perfecta. Nuestros servicios incluyen odontolog\u00eda general, ortodoncia, endodoncia, pr\u00f3tesis est\u00e9tica, blanqueamiento, PADI. [&hellip;]\" \/>\n<meta property=\"og:url\" content=\"https:\/\/udondohortzklinika.com\/eus\/\" \/>\n<meta property=\"og:site_name\" content=\"Udondo Hortz Klinika\" \/>\n<meta property=\"article:modified_time\" content=\"2024-02-21T12:33:12+00:00\" \/>\n<meta property=\"og:image\" content=\"https:\/\/udondohortzklinika.com\/wp-content\/uploads\/2024\/02\/Design-sem-nome-1.png\" \/>\n<meta name=\"twitter:card\" content=\"summary_large_image\" \/>\n<meta name=\"twitter:label1\" content=\"Est. reading time\" \/>\n\t<meta name=\"twitter:data1\" content=\"1 minutua\" \/>\n<script type=\"application\/ld+json\" class=\"yoast-schema-graph\">{\"@context\":\"https:\/\/schema.org\",\"@graph\":[{\"@type\":\"WebPage\",\"@id\":\"https:\/\/udondohortzklinika.com\/\",\"url\":\"https:\/\/udondohortzklinika.com\/\",\"name\":\"Inicio - Udondo Hortz Klinika\",\"isPartOf\":{\"@id\":\"https:\/\/udondohortzklinika.com\/#website\"},\"primaryImageOfPage\":{\"@id\":\"https:\/\/udondohortzklinika.com\/#primaryimage\"},\"image\":{\"@id\":\"https:\/\/udondohortzklinika.com\/#primaryimage\"},\"thumbnailUrl\":\"https:\/\/udondohortzklinika.com\/wp-content\/uploads\/2024\/02\/Design-sem-nome-1.png\",\"datePublished\":\"2023-07-11T07:34:58+00:00\",\"dateModified\":\"2024-02-21T12:33:12+00:00\",\"breadcrumb\":{\"@id\":\"https:\/\/udondohortzklinika.com\/#breadcrumb\"},\"inLanguage\":\"eu\",\"potentialAction\":[{\"@type\":\"ReadAction\",\"target\":[\"https:\/\/udondohortzklinika.com\/\"]}]},{\"@type\":\"ImageObject\",\"inLanguage\":\"eu\",\"@id\":\"https:\/\/udondohortzklinika.com\/#primaryimage\",\"url\":\"https:\/\/udondohortzklinika.com\/wp-content\/uploads\/2024\/02\/Design-sem-nome-1.png\",\"contentUrl\":\"https:\/\/udondohortzklinika.com\/wp-content\/uploads\/2024\/02\/Design-sem-nome-1.png\"},{\"@type\":\"BreadcrumbList\",\"@id\":\"https:\/\/udondohortzklinika.com\/#breadcrumb\",\"itemListElement\":[{\"@type\":\"ListItem\",\"position\":1,\"name\":\"Portada\",\"item\":\"https:\/\/udondohortzklinika.com\/\"},{\"@type\":\"ListItem\",\"position\":2,\"name\":\"Inicio\"}]},{\"@type\":\"WebSite\",\"@id\":\"https:\/\/udondohortzklinika.com\/#website\",\"url\":\"https:\/\/udondohortzklinika.com\/\",\"name\":\"Udondo Hortz Klinika\",\"description\":\"Cl\u00ednica dental especializada en Odontolog\u00eda y Ortodoncia. Especialistas en Endodoncia, Periodoncia\",\"publisher\":{\"@id\":\"https:\/\/udondohortzklinika.com\/#organization\"},\"potentialAction\":[{\"@type\":\"SearchAction\",\"target\":{\"@type\":\"EntryPoint\",\"urlTemplate\":\"https:\/\/udondohortzklinika.com\/?s={search_term_string}\"},\"query-input\":{\"@type\":\"PropertyValueSpecification\",\"valueRequired\":true,\"valueName\":\"search_term_string\"}}],\"inLanguage\":\"eu\"},{\"@type\":\"Organization\",\"@id\":\"https:\/\/udondohortzklinika.com\/#organization\",\"name\":\"Udondo Hortz Klinika\",\"url\":\"https:\/\/udondohortzklinika.com\/\",\"logo\":{\"@type\":\"ImageObject\",\"inLanguage\":\"eu\",\"@id\":\"https:\/\/udondohortzklinika.com\/#\/schema\/logo\/image\/\",\"url\":\"https:\/\/udondohortzklinika.com\/wp-content\/uploads\/2024\/02\/cropped-Design-sem-nome.png\",\"contentUrl\":\"https:\/\/udondohortzklinika.com\/wp-content\/uploads\/2024\/02\/cropped-Design-sem-nome.png\",\"width\":1000,\"height\":516,\"caption\":\"Udondo Hortz Klinika\"},\"image\":{\"@id\":\"https:\/\/udondohortzklinika.com\/#\/schema\/logo\/image\/\"}}]}<\/script>\n<!-- \/ Yoast SEO plugin. -->","yoast_head_json":{"title":"Inicio - Udondo Hortz Klinika","robots":{"index":"index","follow":"follow","max-snippet":"max-snippet:-1","max-image-preview":"max-image-preview:large","max-video-preview":"max-video-preview:-1"},"canonical":"https:\/\/udondohortzklinika.com\/eus\/","og_locale":"en_US","og_type":"article","og_title":"Inicio - Udondo Hortz Klinika","og_description":"En Udondo Hortz Klinika, tu sonrisa es nuestra prioridad Sobre nosotros \u00a1Bienvenidos a Udondo Hortz Klinika! Desde 2007, nos esforzamos por marcar la diferencia en la vida de nuestros pacientes, priorizando su salud bucal. Ofrecemos cuidado personalizado y compasivo para inspirar la sonrisa perfecta. Nuestros servicios incluyen odontolog\u00eda general, ortodoncia, endodoncia, pr\u00f3tesis est\u00e9tica, blanqueamiento, PADI. [&hellip;]","og_url":"https:\/\/udondohortzklinika.com\/eus\/","og_site_name":"Udondo Hortz Klinika","article_modified_time":"2024-02-21T12:33:12+00:00","og_image":[{"url":"https:\/\/udondohortzklinika.com\/wp-content\/uploads\/2024\/02\/Design-sem-nome-1.png","type":"","width":"","height":""}],"twitter_card":"summary_large_image","twitter_misc":{"Est. reading time":"1 minutua"},"schema":{"@context":"https:\/\/schema.org","@graph":[{"@type":"WebPage","@id":"https:\/\/udondohortzklinika.com\/","url":"https:\/\/udondohortzklinika.com\/","name":"Inicio - Udondo Hortz Klinika","isPartOf":{"@id":"https:\/\/udondohortzklinika.com\/#website"},"primaryImageOfPage":{"@id":"https:\/\/udondohortzklinika.com\/#primaryimage"},"image":{"@id":"https:\/\/udondohortzklinika.com\/#primaryimage"},"thumbnailUrl":"https:\/\/udondohortzklinika.com\/wp-content\/uploads\/2024\/02\/Design-sem-nome-1.png","datePublished":"2023-07-11T07:34:58+00:00","dateModified":"2024-02-21T12:33:12+00:00","breadcrumb":{"@id":"https:\/\/udondohortzklinika.com\/#breadcrumb"},"inLanguage":"eu","potentialAction":[{"@type":"ReadAction","target":["https:\/\/udondohortzklinika.com\/"]}]},{"@type":"ImageObject","inLanguage":"eu","@id":"https:\/\/udondohortzklinika.com\/#primaryimage","url":"https:\/\/udondohortzklinika.com\/wp-content\/uploads\/2024\/02\/Design-sem-nome-1.png","contentUrl":"https:\/\/udondohortzklinika.com\/wp-content\/uploads\/2024\/02\/Design-sem-nome-1.png"},{"@type":"BreadcrumbList","@id":"https:\/\/udondohortzklinika.com\/#breadcrumb","itemListElement":[{"@type":"ListItem","position":1,"name":"Portada","item":"https:\/\/udondohortzklinika.com\/"},{"@type":"ListItem","position":2,"name":"Inicio"}]},{"@type":"WebSite","@id":"https:\/\/udondohortzklinika.com\/#website","url":"https:\/\/udondohortzklinika.com\/","name":"Udondo Hortz Klinika","description":"Cl\u00ednica dental especializada en Odontolog\u00eda y Ortodoncia. Especialistas en Endodoncia, Periodoncia","publisher":{"@id":"https:\/\/udondohortzklinika.com\/#organization"},"potentialAction":[{"@type":"SearchAction","target":{"@type":"EntryPoint","urlTemplate":"https:\/\/udondohortzklinika.com\/?s={search_term_string}"},"query-input":{"@type":"PropertyValueSpecification","valueRequired":true,"valueName":"search_term_string"}}],"inLanguage":"eu"},{"@type":"Organization","@id":"https:\/\/udondohortzklinika.com\/#organization","name":"Udondo Hortz Klinika","url":"https:\/\/udondohortzklinika.com\/","logo":{"@type":"ImageObject","inLanguage":"eu","@id":"https:\/\/udondohortzklinika.com\/#\/schema\/logo\/image\/","url":"https:\/\/udondohortzklinika.com\/wp-content\/uploads\/2024\/02\/cropped-Design-sem-nome.png","contentUrl":"https:\/\/udondohortzklinika.com\/wp-content\/uploads\/2024\/02\/cropped-Design-sem-nome.png","width":1000,"height":516,"caption":"Udondo Hortz Klinika"},"image":{"@id":"https:\/\/udondohortzklinika.com\/#\/schema\/logo\/image\/"}}]}},"_links":{"self":[{"href":"https:\/\/udondohortzklinika.com\/eus\/wp-json\/wp\/v2\/pages\/2","targetHints":{"allow":["GET"]}}],"collection":[{"href":"https:\/\/udondohortzklinika.com\/eus\/wp-json\/wp\/v2\/pages"}],"about":[{"href":"https:\/\/udondohortzklinika.com\/eus\/wp-json\/wp\/v2\/types\/page"}],"author":[{"embeddable":true,"href":"https:\/\/udondohortzklinika.com\/eus\/wp-json\/wp\/v2\/users\/1"}],"replies":[{"embeddable":true,"href":"https:\/\/udondohortzklinika.com\/eus\/wp-json\/wp\/v2\/comments?post=2"}],"version-history":[{"count":304,"href":"https:\/\/udondohortzklinika.com\/eus\/wp-json\/wp\/v2\/pages\/2\/revisions"}],"predecessor-version":[{"id":1210,"href":"https:\/\/udondohortzklinika.com\/eus\/wp-json\/wp\/v2\/pages\/2\/revisions\/1210"}],"wp:attachment":[{"href":"https:\/\/udondohortzklinika.com\/eus\/wp-json\/wp\/v2\/media?parent=2"}],"curies":[{"name":"wp","href":"https:\/\/api.w.org\/{rel}","templated":true}]}}